{"id":8,"date":"2014-05-14T09:10:23","date_gmt":"2014-05-14T07:10:23","guid":{"rendered":"http:\/\/www.frauenaerzte-porz.de\/cms\/?page_id=8"},"modified":"2019-08-04T17:39:18","modified_gmt":"2019-08-04T15:39:18","slug":"leistungsspektrum","status":"publish","type":"page","link":"https:\/\/www.frauenaerzte-porz.de\/?page_id=8","title":{"rendered":"Leistungen"},"content":{"rendered":"<p><strong>Welche Leistungen k\u00f6nnen Sie in unserer Praxis erhalten?<\/strong><\/p>\n<p><strong>Kinderwunsch und Schwangerschaft:<\/strong><\/p>\n<ul>\n<li>Kinderwunschberatung<\/li>\n<li>Sterilit\u00e4tsdiagnostik und \u2013therapie<\/li>\n<li>Schwangerschaftsvorsorgeuntersuchungen<\/li>\n<li>Betreuung von Risikoschwangerschaften<\/li>\n<li>Infektionsdiagnostik<\/li>\n<li>Erst-Trimester-Screening (FMF-D)<\/li>\n<li>Praenatest\u00ae (NIPT) &#8211;\u00a0 Nicht-invasiver pr\u00e4nataler Test zur Bestimmung von Chromosomenst\u00f6rungen beim ungeborenen Kind<\/li>\n<li>erweiterter Basis-Ultraschall gem\u00e4\u00df Gendiagnostikgesetz<\/li>\n<li>weiterf\u00fchrender sonographischer Fehlbildungsausschlu\u00df entspr. DEGUM II<\/li>\n<li>kindliche Echokardiographie<\/li>\n<li>Doppler-Sonographie<\/li>\n<li>3D\/4D-Sonographie<\/li>\n<li>Hebammensprechstunde<\/li>\n<\/ul>\n<p><strong>Gyn\u00e4kologie:<\/strong><\/p>\n<ul>\n<li>Krebsfr\u00fcherkennungsuntersuchung (\u201eKrebsvorsorge\u201c)<\/li>\n<li>Abkl\u00e4rung und Intervention bei Ver\u00e4nderungen der Zellen am Muttermund (d.h. bei \u201eauff\u00e4lligem Pap-Abstrich\u201c)<\/li>\n<li>D\u00fcnnschichtzytologie, HPV-Diagnostik, Biomarkeranalyse<\/li>\n<li>Beratung und Anwendung s\u00e4mtlicher Verh\u00fctungsmethoden (z.B. hormonelle Verh\u00fctung, Kupferspirale, Kupferkette, IUB-Kupferperlenball, Hormonspirale, Hormonimplantat)<\/li>\n<li>Endometriosediagnostik und \u2013therapie<\/li>\n<li>Krebsnachsorge bei Brustkrebs und allen gyn\u00e4kologischen Krebsarten (DMP Brustkrebs; mamonova Kompetenznetzwerk f\u00fcr Brusterkrankungen)<\/li>\n<li>Abkl\u00e4rung und Therapie von gyn\u00e4kologischen Hormonst\u00f6rungen<\/li>\n<li>Hormonersatztherapie<\/li>\n<li>Abkl\u00e4rung und Therapie von Wechseljahrsbeschwerden<\/li>\n<li>Diagnostik und Therapie von Erkrankungen der Brust und des Genitalbereiches<\/li>\n<li>Diagnostik und Therapie von Infektionserkrankungen und entz\u00fcndlichen Erkrankungen der Brust und des Genitalbereiches<\/li>\n<\/ul>\n<p><strong>Allgemein:<\/strong><\/p>\n<ul>\n<li>Brustultraschall, Bauchultraschall, Vaginalultraschall<\/li>\n<li>Schutzimpfungen nach den Empfehlungen der STIKO [St\u00e4ndige Impfkommission] (z.B. HPV-Impfung, Tetanus, Diphterie, Keuchhusten, Masern, Mumps, R\u00f6teln, Hepatitis, Grippe, Pneumonie)<\/li>\n<li>Psychosomatische Grundversorgung<\/li>\n<\/ul>\n<blockquote><p>&nbsp;<\/p>\n<p>Wir k\u00f6nnen noch mehr &#8211; Wir beraten Sie gerne und individuell! Sprechen Sie uns an.<\/p><\/blockquote>\n","protected":false},"excerpt":{"rendered":"<p>Welche Leistungen k\u00f6nnen Sie in unserer Praxis erhalten? Kinderwunsch und Schwangerschaft: Kinderwunschberatung Sterilit\u00e4tsdiagnostik und \u2013therapie Schwangerschaftsvorsorgeuntersuchungen Betreuung von Risikoschwangerschaften Infektionsdiagnostik Erst-Trimester-Screening (FMF-D) Praenatest\u00ae (NIPT) &#8211;\u00a0 Nicht-invasiver pr\u00e4nataler Test zur Bestimmung von Chromosomenst\u00f6rungen beim ungeborenen Kind erweiterter Basis-Ultraschall gem\u00e4\u00df Gendiagnostikgesetz weiterf\u00fchrender &hellip; <a href=\"https:\/\/www.frauenaerzte-porz.de\/?page_id=8\">Weiterlesen <span class=\"meta-nav\">&rarr;<\/span><\/a><\/p>\n","protected":false},"author":1,"featured_media":48,"parent":0,"menu_order":3,"comment_status":"closed","ping_status":"closed","template":"sidebar-page.php","meta":[],"_links":{"self":[{"href":"https:\/\/www.frauenaerzte-porz.de\/index.php?rest_route=\/wp\/v2\/pages\/8"}],"collection":[{"href":"https:\/\/www.frauenaerzte-porz.de\/index.php?rest_route=\/wp\/v2\/pages"}],"about":[{"href":"https:\/\/www.frauenaerzte-porz.de\/index.php?rest_route=\/wp\/v2\/types\/page"}],"author":[{"embeddable":true,"href":"https:\/\/www.frauenaerzte-porz.de\/index.php?rest_route=\/wp\/v2\/users\/1"}],"replies":[{"embeddable":true,"href":"https:\/\/www.frauenaerzte-porz.de\/index.php?rest_route=%2Fwp%2Fv2%2Fcomments&post=8"}],"version-history":[{"count":8,"href":"https:\/\/www.frauenaerzte-porz.de\/index.php?rest_route=\/wp\/v2\/pages\/8\/revisions"}],"predecessor-version":[{"id":756,"href":"https:\/\/www.frauenaerzte-porz.de\/index.php?rest_route=\/wp\/v2\/pages\/8\/revisions\/756"}],"wp:featuredmedia":[{"embeddable":true,"href":"https:\/\/www.frauenaerzte-porz.de\/index.php?rest_route=\/wp\/v2\/media\/48"}],"wp:attachment":[{"href":"https:\/\/www.frauenaerzte-porz.de\/index.php?rest_route=%2Fwp%2Fv2%2Fmedia&parent=8"}],"curies":[{"name":"wp","href":"https:\/\/api.w.org\/{rel}","templated":true}]}}