{"id":76,"date":"2014-06-11T09:52:05","date_gmt":"2014-06-11T07:52:05","guid":{"rendered":"http:\/\/www.frauenaerzte-porz.de\/cms\/?page_id=76"},"modified":"2014-07-12T11:44:11","modified_gmt":"2014-07-12T09:44:11","slug":"dr-med-marcus-merscheim","status":"publish","type":"page","link":"https:\/\/www.frauenaerzte-porz.de\/?page_id=76","title":{"rendered":"Dr. med. Marcus Merscheim"},"content":{"rendered":"<p><em>\u00a0geb. 1963 in Essen <\/em><\/p>\n<p><a href=\"http:\/\/www.frauenaerzte-porz.de\/cms\/wp-content\/uploads\/2014\/06\/MG_5201_bearbeitet_web.jpg\"><img loading=\"lazy\" class=\"alignleft wp-image-106 size-medium\" src=\"http:\/\/www.frauenaerzte-porz.de\/cms\/wp-content\/uploads\/2014\/06\/MG_5201_bearbeitet_web-231x300.jpg\" alt=\"_MG_5201_bearbeitet_web\" width=\"231\" height=\"300\" srcset=\"https:\/\/www.frauenaerzte-porz.de\/cms\/wp-content\/uploads\/2014\/06\/MG_5201_bearbeitet_web-231x300.jpg 231w, https:\/\/www.frauenaerzte-porz.de\/cms\/wp-content\/uploads\/2014\/06\/MG_5201_bearbeitet_web-788x1024.jpg 788w, https:\/\/www.frauenaerzte-porz.de\/cms\/wp-content\/uploads\/2014\/06\/MG_5201_bearbeitet_web.jpg 1232w\" sizes=\"(max-width: 231px) 100vw, 231px\" \/><br \/>\n<\/a><\/p>\n<p><strong>Facharzt f\u00fcr Frauenheilkunde und Geburtshilfe<\/strong><\/p>\n<p>&nbsp;<\/p>\n<p>&nbsp;<\/p>\n<p>&nbsp;<\/p>\n<p>&nbsp;<\/p>\n<p>&nbsp;<\/p>\n<p>&nbsp;<\/p>\n<p><strong>Studium:<\/strong> 1983 &#8211; 1992 Studium der Humanmedizin in Essen<\/p>\n<p><strong>Approbation:<\/strong> 1992 Erlaubnis zur Aus\u00fcbung des \u00e4rztlichen Berufes<\/p>\n<p><strong>Promotion: <\/strong>1991 Promotion zum Dr. med. an der Medizinischen Fakult\u00e4t der Universit\u00e4t-GHS Essen<\/p>\n<p><strong>Berufst\u00e4tigkeit: <\/strong>1990 &#8211; 1996 Facharztausbildung an der Abteilung f\u00fcr Gyn\u00e4kologie und Geburtshilfe des Marienhospitals in Essen-Altenessen, Akademisches Lehrkrankenhaus (Chefarzt: Dr. Rainer Neumann)<\/p>\n<p>Facharztanerkennung:\u00a01995 Anerkennung zum Facharzt f\u00fcr Frauenheilkunde und Geburtshilfe<\/p>\n<p>1995 Anerkennung zum Arzt f\u00fcr Frauenheilkunde und Geburtshilfe<\/p>\n<p>1996 &#8211; 1997 Oberarzt der Abteilung f\u00fcr Gyn\u00e4kologie und Geburtshilfe des St. Josefs-Hospital Hagen, Akademisches Lehrkrankenhaus (Chefarzt: Dr. Schmitz)<\/p>\n<p>1997 &#8211; 1999 Oberarzt der Abteilung f\u00fcr Gyn\u00e4kologie und Geburtshilfe des Marien-Hospitals Euskirchen, Akademisches Lehrkrankenhaus<\/p>\n<p>seit 2000 niedergelassener Facharzt f\u00fcr Frauenheilkunde und Geburtshilfe in Gemeinschaftspraxis mit Dr. med. J\u00f6rg Roeser, Hermannstr. 1-3, 51143 K\u00f6ln-Porz<\/p>\n<p><em><strong>Qualifikationen:<br \/>\n<\/strong><\/em><br \/>\n<strong>sonstige\u00a0\u00a0Anerkennungen:\u00a0<\/strong><br \/>\n2000 Zulassung zur Psychosomatischen Grundversorgung<br \/>\n2000 Akupunktur A-Diplom<br \/>\n2002 Zertifizierung zur Durchf\u00fchrung des Ersttrimester-Screening durch die Fetal Medicine Foundation Deutschland e.V. (FMF)<br \/>\n2012 Qualifikation zur genetischen Beratung nach \u00a77 Abs. 1,3 Gendiagnostikgesetz (GenDG)<\/p>\n<p><strong>Fachkunden:\u00a0<\/strong><br \/>\n2001 Sonographie der Gef\u00e4\u00dfe des weiblichen Genitalsystems<br \/>\n2001 Sonographie der Brustdr\u00fcse<\/p>\n<p><strong>Mitglied in folgenden Verb\u00e4nden und Gesellschaften:<\/strong><br \/>\nBerufsverband der Frauen\u00e4rzte e.V.<br \/>\nFMF Deutschland<\/p>\n","protected":false},"excerpt":{"rendered":"<p>\u00a0geb. 1963 in Essen Facharzt f\u00fcr Frauenheilkunde und Geburtshilfe &nbsp; &nbsp; &nbsp; &nbsp; &nbsp; &nbsp; Studium: 1983 &#8211; 1992 Studium der Humanmedizin in Essen Approbation: 1992 Erlaubnis zur Aus\u00fcbung des \u00e4rztlichen Berufes Promotion: 1991 Promotion zum Dr. med. an der &hellip; <a href=\"https:\/\/www.frauenaerzte-porz.de\/?page_id=76\">Weiterlesen <span class=\"meta-nav\">&rarr;<\/span><\/a><\/p>\n","protected":false},"author":1,"featured_media":98,"parent":6,"menu_order":3,"comment_status":"closed","ping_status":"closed","template":"sidebar-page.php","meta":[],"_links":{"self":[{"href":"https:\/\/www.frauenaerzte-porz.de\/index.php?rest_route=\/wp\/v2\/pages\/76"}],"collection":[{"href":"https:\/\/www.frauenaerzte-porz.de\/index.php?rest_route=\/wp\/v2\/pages"}],"about":[{"href":"https:\/\/www.frauenaerzte-porz.de\/index.php?rest_route=\/wp\/v2\/types\/page"}],"author":[{"embeddable":true,"href":"https:\/\/www.frauenaerzte-porz.de\/index.php?rest_route=\/wp\/v2\/users\/1"}],"replies":[{"embeddable":true,"href":"https:\/\/www.frauenaerzte-porz.de\/index.php?rest_route=%2Fwp%2Fv2%2Fcomments&post=76"}],"version-history":[{"count":24,"href":"https:\/\/www.frauenaerzte-porz.de\/index.php?rest_route=\/wp\/v2\/pages\/76\/revisions"}],"predecessor-version":[{"id":352,"href":"https:\/\/www.frauenaerzte-porz.de\/index.php?rest_route=\/wp\/v2\/pages\/76\/revisions\/352"}],"up":[{"embeddable":true,"href":"https:\/\/www.frauenaerzte-porz.de\/index.php?rest_route=\/wp\/v2\/pages\/6"}],"wp:featuredmedia":[{"embeddable":true,"href":"https:\/\/www.frauenaerzte-porz.de\/index.php?rest_route=\/wp\/v2\/media\/98"}],"wp:attachment":[{"href":"https:\/\/www.frauenaerzte-porz.de\/index.php?rest_route=%2Fwp%2Fv2%2Fmedia&parent=76"}],"curies":[{"name":"wp","href":"https:\/\/api.w.org\/{rel}","templated":true}]}}