{"id":6,"date":"2014-05-14T09:10:03","date_gmt":"2014-05-14T07:10:03","guid":{"rendered":"http:\/\/www.frauenaerzte-porz.de\/cms\/?page_id=6"},"modified":"2019-08-04T17:44:12","modified_gmt":"2019-08-04T15:44:12","slug":"unsere-praxis","status":"publish","type":"page","link":"https:\/\/www.frauenaerzte-porz.de\/?page_id=6","title":{"rendered":"Praxis"},"content":{"rendered":"<p><strong>Unsere Praxisphilosophie<\/strong><\/p>\n<p>Unsere Gemeinschaftspraxis m\u00f6chte M\u00e4dchen und Frauen aller Altersgruppen eine umfassende und individuelle medizinische Betreuung bieten, ebenso finden Sie bei uns eine kompetente Beratung zu fast allen Bereichen der Frauenheilkunde und Geburtshilfe.<\/p>\n<blockquote><p>Wir m\u00f6chten, dass Sie sich bei uns wohlf\u00fchlen.<\/p><\/blockquote>\n<p>Daher wird vom gesamten Team gr\u00f6\u00dften Wert auf eine einf\u00fchlsame und vertrauensvolle Atmosph\u00e4re gelegt, die die partnerschaftliche Zusammenarbeit mit der Patientin ins Zentrum stellt.<\/p>\n<p>Qualit\u00e4tsgesichert und entsprechend den jeweils aktuellen medizinisch-wissenschaftlichen Empfehlungen und Leitlinien liegen die Schwerpunkte hierbei in der Krebsvorsorge (ggfs. inkl. Kolposkopie, HPV-Diagnostik, D\u00fcnnschicht-Zytologie, Biomarkeranalyse, Ultraschall), der Krebsnachsorge, der gyn\u00e4kologischen Onkologie, der Pr\u00e4nataldiagnostik (Fehlbildungsausschlu\u00df DEGUM II, Doppler-Sonographie, 3D\/4D-Sonographie), der Schwangerenvorsoge, der Sterilit\u00e4tsdiagnostik und -therapie und in der Diagnostik und Therapie entz\u00fcndlicher Erkrankungen des Genitale und der Brust.<\/p>\n<p>Weitere Schwerpunkte liegen in der Beratung \u00fcber moderne Verh\u00fctungsmethoden und deren Anwendung sowie in der Diagnostik und Therapie von Hormonst\u00f6rungen und Wechseljahrsbeschwerden.<\/p>\n<p>Ebenso werden Schutzimpfungen nach den Empfehlungen der STIKO (St\u00e4ndige Impfkommission) in der Praxis durchgef\u00fchrt (z.B. HPV-Impfung, Tetanus, Diphterie, Masern, Mumps, R\u00f6teln, Hepatitis, Grippe, Pneumonie).<\/p>\n<p>Aufgrund langj\u00e4hriger T\u00e4tigkeit der beiden Praxisinhaber in leitenden klinischen Positionen und schwerpunktm\u00e4\u00dfiger Zusatzweiterbildungen bestehen besondere Kompetenzen und Erfahrungen.<\/p>\n<p>Wir nehmen am Disease-Management-Program (DMP) Brustkrebs teil und sind kooperierende Partner von mamonova (Kompetenznetzwerk f\u00fcr ambulante Mammadiagnostik und \u2013therapie).<\/p>\n<p>Unser Qualit\u00e4tsmanagementsystem ist fortlaufend zertifiziert nach DIN EN ISO 9001.<\/p>\n","protected":false},"excerpt":{"rendered":"<p>Unsere Praxisphilosophie Unsere Gemeinschaftspraxis m\u00f6chte M\u00e4dchen und Frauen aller Altersgruppen eine umfassende und individuelle medizinische Betreuung bieten, ebenso finden Sie bei uns eine kompetente Beratung zu fast allen Bereichen der Frauenheilkunde und Geburtshilfe. Wir m\u00f6chten, dass Sie sich bei uns &hellip; <a href=\"https:\/\/www.frauenaerzte-porz.de\/?page_id=6\">Weiterlesen <span class=\"meta-nav\">&rarr;<\/span><\/a><\/p>\n","protected":false},"author":1,"featured_media":294,"parent":0,"menu_order":2,"comment_status":"closed","ping_status":"closed","template":"sidebar-page.php","meta":[],"_links":{"self":[{"href":"https:\/\/www.frauenaerzte-porz.de\/index.php?rest_route=\/wp\/v2\/pages\/6"}],"collection":[{"href":"https:\/\/www.frauenaerzte-porz.de\/index.php?rest_route=\/wp\/v2\/pages"}],"about":[{"href":"https:\/\/www.frauenaerzte-porz.de\/index.php?rest_route=\/wp\/v2\/types\/page"}],"author":[{"embeddable":true,"href":"https:\/\/www.frauenaerzte-porz.de\/index.php?rest_route=\/wp\/v2\/users\/1"}],"replies":[{"embeddable":true,"href":"https:\/\/www.frauenaerzte-porz.de\/index.php?rest_route=%2Fwp%2Fv2%2Fcomments&post=6"}],"version-history":[{"count":10,"href":"https:\/\/www.frauenaerzte-porz.de\/index.php?rest_route=\/wp\/v2\/pages\/6\/revisions"}],"predecessor-version":[{"id":758,"href":"https:\/\/www.frauenaerzte-porz.de\/index.php?rest_route=\/wp\/v2\/pages\/6\/revisions\/758"}],"wp:featuredmedia":[{"embeddable":true,"href":"https:\/\/www.frauenaerzte-porz.de\/index.php?rest_route=\/wp\/v2\/media\/294"}],"wp:attachment":[{"href":"https:\/\/www.frauenaerzte-porz.de\/index.php?rest_route=%2Fwp%2Fv2%2Fmedia&parent=6"}],"curies":[{"name":"wp","href":"https:\/\/api.w.org\/{rel}","templated":true}]}}