{"id":239,"date":"2014-06-21T14:44:34","date_gmt":"2014-06-21T12:44:34","guid":{"rendered":"http:\/\/www.frauenaerzte-porz.de\/cms\/?page_id=239"},"modified":"2014-07-14T09:31:17","modified_gmt":"2014-07-14T07:31:17","slug":"praxisimpressionen","status":"publish","type":"page","link":"https:\/\/www.frauenaerzte-porz.de\/?page_id=239","title":{"rendered":"Praxisimpressionen"},"content":{"rendered":"<p>Bitte klicken Sie auf eines der Bilder f\u00fcr eine vergr\u00f6\u00dferte Dia-Show:<\/p>\n<p><h2>Einige Praxiseindr\u00fccke<\/h2><p><!-- Easy Photo Album --><\/p>\n<style type=\"text\/css\">\n\t#epa-album-252-239-0 .epa-image {\n\t\twidth: 31%;\n\t}\n<\/style>\n<ul id=\"epa-album-252-239-0\" class=\"epa-album epa-cf\">\n<li class=\"epa-row  epa-cf\">\n<div class=\"epa-image\"><a href=\"http:\/\/www.frauenaerzte-porz.de\/cms\/wp-content\/uploads\/2014\/06\/IMG_5106_web-1024x777.jpg\" data-lightbox=\"epa-album-252-239-0\" title=\"\"><img src=\"http:\/\/www.frauenaerzte-porz.de\/cms\/wp-content\/uploads\/2014\/06\/IMG_5106_web-150x150.jpg\" alt=\"IMG_5106_web\"\/><\/a><\/div>\n<div class=\"epa-image\"><a href=\"http:\/\/www.frauenaerzte-porz.de\/cms\/wp-content\/uploads\/2014\/06\/IMG_5118_web-1024x682.jpg\" data-lightbox=\"epa-album-252-239-0\" title=\"\"><img src=\"http:\/\/www.frauenaerzte-porz.de\/cms\/wp-content\/uploads\/2014\/06\/IMG_5118_web-150x150.jpg\" alt=\"IMG_5118_web\"\/><\/a><\/div>\n<div class=\"epa-image\"><a href=\"http:\/\/www.frauenaerzte-porz.de\/cms\/wp-content\/uploads\/2014\/06\/IMG_5123_web-1024x712.jpg\" data-lightbox=\"epa-album-252-239-0\" title=\"\"><img src=\"http:\/\/www.frauenaerzte-porz.de\/cms\/wp-content\/uploads\/2014\/06\/IMG_5123_web-150x150.jpg\" alt=\"IMG_5123_web\"\/><\/a><\/div>\n<\/li>\n<li class=\"epa-row epa-cf\">\n<div class=\"epa-image\"><a href=\"http:\/\/www.frauenaerzte-porz.de\/cms\/wp-content\/uploads\/2014\/06\/IMG_5126_web-1024x672.jpg\" data-lightbox=\"epa-album-252-239-0\" title=\"\"><img src=\"http:\/\/www.frauenaerzte-porz.de\/cms\/wp-content\/uploads\/2014\/06\/IMG_5126_web-150x150.jpg\" alt=\"IMG_5126_web\"\/><\/a><\/div>\n<div class=\"epa-image\"><a href=\"http:\/\/www.frauenaerzte-porz.de\/cms\/wp-content\/uploads\/2014\/06\/IMG_5134_web-1024x606.jpg\" data-lightbox=\"epa-album-252-239-0\" title=\"\"><img src=\"http:\/\/www.frauenaerzte-porz.de\/cms\/wp-content\/uploads\/2014\/06\/IMG_5134_web-150x150.jpg\" alt=\"IMG_5134_web\"\/><\/a><\/div>\n<div class=\"epa-image\"><a href=\"http:\/\/www.frauenaerzte-porz.de\/cms\/wp-content\/uploads\/2014\/06\/sonobild1_web.jpg\" data-lightbox=\"epa-album-252-239-0\" title=\"\"><img src=\"http:\/\/www.frauenaerzte-porz.de\/cms\/wp-content\/uploads\/2014\/06\/sonobild1_web-150x150.jpg\" alt=\"sonobild1_web\"\/><\/a><\/div>\n<\/li>\n<li class=\"epa-row epa-cf\">\n<div class=\"epa-image\"><a href=\"http:\/\/www.frauenaerzte-porz.de\/cms\/wp-content\/uploads\/2014\/06\/sonobild2_web.jpg\" data-lightbox=\"epa-album-252-239-0\" title=\"\"><img src=\"http:\/\/www.frauenaerzte-porz.de\/cms\/wp-content\/uploads\/2014\/06\/sonobild2_web-150x150.jpg\" alt=\"sonobild2_web\"\/><\/a><\/div>\n<div class=\"epa-image\"><a href=\"http:\/\/www.frauenaerzte-porz.de\/cms\/wp-content\/uploads\/2014\/06\/IMG_0231-1024x682.jpg\" data-lightbox=\"epa-album-252-239-0\" title=\"\"><img src=\"http:\/\/www.frauenaerzte-porz.de\/cms\/wp-content\/uploads\/2014\/06\/IMG_0231-150x150.jpg\" alt=\"IMG_0231\"\/><\/a><\/div>\n<div class=\"epa-image\"><a href=\"http:\/\/www.frauenaerzte-porz.de\/cms\/wp-content\/uploads\/2014\/06\/IMG_0226-1024x682.jpg\" data-lightbox=\"epa-album-252-239-0\" title=\"\"><img src=\"http:\/\/www.frauenaerzte-porz.de\/cms\/wp-content\/uploads\/2014\/06\/IMG_0226-150x150.jpg\" alt=\"IMG_0226\"\/><\/a><\/div>\n<\/li>\n<\/ul>\n<\/p>\n","protected":false},"excerpt":{"rendered":"<!-- Easy Photo Album -->\r\n<style type=\"text\/css\">\r\n\t#epa-album-252 .epa-image {\r\n\t\twidth: 31%;\r\n\t}\r\n<\/style><ul id=\"epa-album-252\" class=\"epa-album epa-cf\">\r\n<li class=\"epa-row  epa-cf\">\r\n\t\t\t\t<div class=\"epa-image\"><a href=\"http:\/\/www.frauenaerzte-porz.de\/cms\/wp-content\/uploads\/2014\/06\/IMG_5106_web-1024x777.jpg\" data-lightbox=\"epa-album-252\" title=\"\"><img src=\"http:\/\/www.frauenaerzte-porz.de\/cms\/wp-content\/uploads\/2014\/06\/IMG_5106_web-150x150.jpg\" alt=\"IMG_5106_web\"\/><\/a><\/div><div class=\"epa-image\"><a href=\"http:\/\/www.frauenaerzte-porz.de\/cms\/wp-content\/uploads\/2014\/06\/IMG_5118_web-1024x682.jpg\" data-lightbox=\"epa-album-252\" title=\"\"><img src=\"http:\/\/www.frauenaerzte-porz.de\/cms\/wp-content\/uploads\/2014\/06\/IMG_5118_web-150x150.jpg\" alt=\"IMG_5118_web\"\/><\/a><\/div><div class=\"epa-image\"><a href=\"http:\/\/www.frauenaerzte-porz.de\/cms\/wp-content\/uploads\/2014\/06\/IMG_5123_web-1024x712.jpg\" data-lightbox=\"epa-album-252\" title=\"\"><img src=\"http:\/\/www.frauenaerzte-porz.de\/cms\/wp-content\/uploads\/2014\/06\/IMG_5123_web-150x150.jpg\" alt=\"IMG_5123_web\"\/><\/a><\/div><\/li><li class=\"epa-row epa-cf\"><div class=\"epa-image\"><a href=\"http:\/\/www.frauenaerzte-porz.de\/cms\/wp-content\/uploads\/2014\/06\/IMG_5126_web-1024x672.jpg\" data-lightbox=\"epa-album-252\" title=\"\"><img src=\"http:\/\/www.frauenaerzte-porz.de\/cms\/wp-content\/uploads\/2014\/06\/IMG_5126_web-150x150.jpg\" alt=\"IMG_5126_web\"\/><\/a><\/div><div class=\"epa-image\"><a href=\"http:\/\/www.frauenaerzte-porz.de\/cms\/wp-content\/uploads\/2014\/06\/IMG_5134_web-1024x606.jpg\" data-lightbox=\"epa-album-252\" title=\"\"><img src=\"http:\/\/www.frauenaerzte-porz.de\/cms\/wp-content\/uploads\/2014\/06\/IMG_5134_web-150x150.jpg\" alt=\"IMG_5134_web\"\/><\/a><\/div><div class=\"epa-image\"><a href=\"http:\/\/www.frauenaerzte-porz.de\/cms\/wp-content\/uploads\/2014\/06\/sonobild1_web.jpg\" data-lightbox=\"epa-album-252\" title=\"\"><img src=\"http:\/\/www.frauenaerzte-porz.de\/cms\/wp-content\/uploads\/2014\/06\/sonobild1_web-150x150.jpg\" alt=\"sonobild1_web\"\/><\/a><\/div><\/li><li class=\"epa-row epa-cf\"><div class=\"epa-image\"><a href=\"http:\/\/www.frauenaerzte-porz.de\/cms\/wp-content\/uploads\/2014\/06\/sonobild2_web.jpg\" data-lightbox=\"epa-album-252\" title=\"\"><img src=\"http:\/\/www.frauenaerzte-porz.de\/cms\/wp-content\/uploads\/2014\/06\/sonobild2_web-150x150.jpg\" alt=\"sonobild2_web\"\/><\/a><\/div><div class=\"epa-image\"><a href=\"http:\/\/www.frauenaerzte-porz.de\/cms\/wp-content\/uploads\/2014\/06\/IMG_0231-1024x682.jpg\" data-lightbox=\"epa-album-252\" title=\"\"><img src=\"http:\/\/www.frauenaerzte-porz.de\/cms\/wp-content\/uploads\/2014\/06\/IMG_0231-150x150.jpg\" alt=\"IMG_0231\"\/><\/a><\/div><div class=\"epa-image\"><a href=\"http:\/\/www.frauenaerzte-porz.de\/cms\/wp-content\/uploads\/2014\/06\/IMG_0226-1024x682.jpg\" data-lightbox=\"epa-album-252\" title=\"\"><img src=\"http:\/\/www.frauenaerzte-porz.de\/cms\/wp-content\/uploads\/2014\/06\/IMG_0226-150x150.jpg\" alt=\"IMG_0226\"\/><\/a><\/div><\/li><\/ul>","protected":false},"author":1,"featured_media":379,"parent":6,"menu_order":9,"comment_status":"closed","ping_status":"closed","template":"sidebar-page.php","meta":[],"_links":{"self":[{"href":"https:\/\/www.frauenaerzte-porz.de\/index.php?rest_route=\/wp\/v2\/pages\/239"}],"collection":[{"href":"https:\/\/www.frauenaerzte-porz.de\/index.php?rest_route=\/wp\/v2\/pages"}],"about":[{"href":"https:\/\/www.frauenaerzte-porz.de\/index.php?rest_route=\/wp\/v2\/types\/page"}],"author":[{"embeddable":true,"href":"https:\/\/www.frauenaerzte-porz.de\/index.php?rest_route=\/wp\/v2\/users\/1"}],"replies":[{"embeddable":true,"href":"https:\/\/www.frauenaerzte-porz.de\/index.php?rest_route=%2Fwp%2Fv2%2Fcomments&post=239"}],"version-history":[{"count":3,"href":"https:\/\/www.frauenaerzte-porz.de\/index.php?rest_route=\/wp\/v2\/pages\/239\/revisions"}],"predecessor-version":[{"id":263,"href":"https:\/\/www.frauenaerzte-porz.de\/index.php?rest_route=\/wp\/v2\/pages\/239\/revisions\/263"}],"up":[{"embeddable":true,"href":"https:\/\/www.frauenaerzte-porz.de\/index.php?rest_route=\/wp\/v2\/pages\/6"}],"wp:featuredmedia":[{"embeddable":true,"href":"https:\/\/www.frauenaerzte-porz.de\/index.php?rest_route=\/wp\/v2\/media\/379"}],"wp:attachment":[{"href":"https:\/\/www.frauenaerzte-porz.de\/index.php?rest_route=%2Fwp%2Fv2%2Fmedia&parent=239"}],"curies":[{"name":"wp","href":"https:\/\/api.w.org\/{rel}","templated":true}]}}