{"id":19,"date":"2014-05-14T09:13:27","date_gmt":"2014-05-14T07:13:27","guid":{"rendered":"http:\/\/www.frauenaerzte-porz.de\/cms\/?page_id=19"},"modified":"2026-04-15T11:46:03","modified_gmt":"2026-04-15T09:46:03","slug":"impressum","status":"publish","type":"page","link":"https:\/\/www.frauenaerzte-porz.de\/?page_id=19","title":{"rendered":"Impressum"},"content":{"rendered":"<p>Angaben:<\/p>\n<p><strong>Gemeinschaftspraxis<\/strong><br \/>\nDr. Marcus Merscheim<br \/>\nKirstin Venegas<br \/>\nHermannstrasse 1<br \/>\n51143 K\u00f6ln<\/p>\n<p>Tel.:&nbsp; +49 2203 54646<br \/>\nFax:&nbsp;&nbsp;+49 2203 503560<\/p>\n<p><strong>Gesetzliche Berufsbezeichnung der aufgef\u00fchrten \u00c4rzte:<\/strong><br \/>\nArzt, Berufsbezeichnung verliehen in der Bundesrepublik Deutschland<\/p>\n<p><strong>Berufsrechtliche Regelungen: &nbsp;&nbsp;<\/strong><br \/>\n<a href=\"http:\/\/www.aekno.de\/page.asp?pageID=57\">Berufsordnung f\u00fcr die nordrheinischen \u00c4rztinnen und \u00c4rzte<br \/>\n<\/a><a href=\"http:\/\/www.aekno.de\/page.asp?pageID=5234\">Heilberufsgesetz des Landes Nordrhein-Westfalen<\/a><\/p>\n<p><strong>Zust\u00e4ndige Landes\u00e4rztekammer als Aufsichtsbeh\u00f6rde:<\/strong><br \/>\n\u00c4rztekammer Nordrhein &#8211; K\u00f6rperschaft des \u00f6ffentlichen Rechts &#8211;<br \/>\nTersteegenstr. 9<br \/>\n40474 D\u00fcsseldorf<br \/>\nTel.: +49 211 4302 0<br \/>\n<a href=\"http:\/\/www.aekno.de\">http:\/\/www.aekno.de<\/a><\/p>\n<p><strong>Zust\u00e4ndige Kassen\u00e4rztliche Vereinigung:<br \/>\n<\/strong>Kassen\u00e4rztliche Vereinigung Nordrhein<br \/>\n&#8211; K\u00f6rperschaft des \u00f6ffentlichen Rechts &#8211;<br \/>\nTersteegenstr. 9<br \/>\n40474 D\u00fcsseldorf<br \/>\nTel.: +49 221 5970 0<br \/>\n<a href=\"http:\/\/kvno.de\">http:\/\/kvno.de<\/a><\/p>\n<p style=\"text-align: left;\"><strong>Inhaltlich Verantwortlicher gem\u00e4\u00df \u00a710 Abs.3 MDStV:<\/strong><br \/>\nDr. med. Marcus Merscheim \u2013 Facharzt f\u00fcr Frauenheilkunde und Geburtshilfe &nbsp; &nbsp; &nbsp; &nbsp; &nbsp; &nbsp; &nbsp; &nbsp; &nbsp; Kirstin Venegas &#8211; Fach\u00e4rztin f\u00fcr Frauenheilkunde und Geburtshilfe<\/p>\n<p>DSGVO Google Map wurde gestellt von:<br \/>\n<a href=\"https:\/\/www.exovia.de\" target=\"_blank\" rel=\"noopener\">https:\/\/www.exovia.de<\/a><\/p>\n<p><a title=\"Haftungsausschluss\" href=\"http:\/\/www.frauenaerzte-porz.de\/?page_id=21\">Haftungsausschluss <\/a><\/p>\n","protected":false},"excerpt":{"rendered":"<p>Angaben: Gemeinschaftspraxis Dr. Marcus Merscheim Kirstin Venegas Hermannstrasse 1 51143 K\u00f6ln Tel.:&nbsp; +49 2203 54646 Fax:&nbsp;&nbsp;+49 2203 503560 Gesetzliche Berufsbezeichnung der aufgef\u00fchrten \u00c4rzte: Arzt, Berufsbezeichnung verliehen in der Bundesrepublik Deutschland Berufsrechtliche Regelungen: &nbsp;&nbsp; Berufsordnung f\u00fcr die nordrheinischen \u00c4rztinnen und \u00c4rzte &hellip; <a href=\"https:\/\/www.frauenaerzte-porz.de\/?page_id=19\">Weiterlesen <span class=\"meta-nav\">&rarr;<\/span><\/a><\/p>\n","protected":false},"author":1,"featured_media":380,"parent":0,"menu_order":20,"comment_status":"closed","ping_status":"closed","template":"sidebar-page.php","meta":[],"_links":{"self":[{"href":"https:\/\/www.frauenaerzte-porz.de\/index.php?rest_route=\/wp\/v2\/pages\/19"}],"collection":[{"href":"https:\/\/www.frauenaerzte-porz.de\/index.php?rest_route=\/wp\/v2\/pages"}],"about":[{"href":"https:\/\/www.frauenaerzte-porz.de\/index.php?rest_route=\/wp\/v2\/types\/page"}],"author":[{"embeddable":true,"href":"https:\/\/www.frauenaerzte-porz.de\/index.php?rest_route=\/wp\/v2\/users\/1"}],"replies":[{"embeddable":true,"href":"https:\/\/www.frauenaerzte-porz.de\/index.php?rest_route=%2Fwp%2Fv2%2Fcomments&post=19"}],"version-history":[{"count":20,"href":"https:\/\/www.frauenaerzte-porz.de\/index.php?rest_route=\/wp\/v2\/pages\/19\/revisions"}],"predecessor-version":[{"id":956,"href":"https:\/\/www.frauenaerzte-porz.de\/index.php?rest_route=\/wp\/v2\/pages\/19\/revisions\/956"}],"wp:featuredmedia":[{"embeddable":true,"href":"https:\/\/www.frauenaerzte-porz.de\/index.php?rest_route=\/wp\/v2\/media\/380"}],"wp:attachment":[{"href":"https:\/\/www.frauenaerzte-porz.de\/index.php?rest_route=%2Fwp%2Fv2%2Fmedia&parent=19"}],"curies":[{"name":"wp","href":"https:\/\/api.w.org\/{rel}","templated":true}]}}