{"id":189,"date":"2014-06-21T12:10:31","date_gmt":"2014-06-21T10:10:31","guid":{"rendered":"http:\/\/www.frauenaerzte-porz.de\/cms\/?page_id=189"},"modified":"2022-09-18T13:47:32","modified_gmt":"2022-09-18T11:47:32","slug":"anfahrt","status":"publish","type":"page","link":"https:\/\/www.frauenaerzte-porz.de\/?page_id=189","title":{"rendered":"Anfahrt"},"content":{"rendered":"<p>Die Praxis liegt verkehrsg\u00fcnstig im Zentrum von K\u00f6ln-Porz, ca. 100 Meter benachbart der zentralen KVB Bus-\/Stra\u00dfenbahnhaltestelle PORZ MARKT.<\/p>\n<p>Sie finden die Praxis im Anfangsbereich der Fu\u00dfg\u00e4ngerzone, direkt gegen\u00fcber dem City Center Porz. Dem City Center Porz angeschlossen ist auch ein \u00f6ffentliches Parkhaus.<\/p>\n<p>Ein weiterer \u00f6ffentlicher Parkplatz befindet sich in fu\u00dfl\u00e4ufiger N\u00e4he (ca. 5 Min.) in der Bergerstra\u00dfe\/Philipp-Reis-Str.<\/p>\n<h2><span style=\"color: #ff9900;\"><strong>ANFAHRT MIT BAHN UND BUS:<\/strong><\/span><\/h2>\n<h2>Hier kommen Sie zur\u00a0Fahrplanauskunft der KVB<\/h2>\n<h2><a href=\"https:\/\/www.kvb.koeln\/fahrtinfo\/fahrplanauskunft\/\" target=\"_blank\" rel=\"noopener noreferrer\"><img loading=\"lazy\" class=\"alignnone wp-image-316 size-full\" src=\"http:\/\/www.frauenaerzte-porz.de\/cms\/wp-content\/uploads\/2014\/06\/1383704_589709431065169_2105682350_n.jpg\" alt=\"1383704_589709431065169_2105682350_n\" width=\"48\" height=\"48\" \/><\/a><\/h2>\n<h2>Zielhaltestelle ist PORZ MARKT<\/h2>\n<h2><strong><span style=\"color: #ff9900;\">ANFAHRT MIT DEM EIGENEN FAHRZEUG:<\/span><\/strong><\/h2>\n<p>Nutzen Sie den Routenplaner von Google Maps oder die nachfolgende dynamische Karte im n\u00e4chsten Absatz.<\/p>\n<p><b>    <div class=\"exggmap-wrapper is-style-wide\" style=\"padding-top:56.25%\">\r\n      <div class=\"exggmap-mask\" style=\"background-color: #000000; color:#fff\">\r\n        <div class=\"exggmap-mask-content\">\r\n        <p class=\"exggmap-caption\">DSGVO MAP<\/p>\r\n            <button style=\"color: #fff; background-color: #693e91; border-color: #fff\"  id=\"exggmap-btn\">\r\n            Karte laden *\r\n          <\/button>\r\n        <\/div>\r\n              <\/div>\r\n      <iframe \r\n        data-src=\"https:\/\/www.google.com\/maps\/embed?pb=!1m18!1m12!1m3!1d2517.1253151331416!2d7.056695951691554!3d50.884390963781904!2m3!1f0!2f0!3f0!3m2!1i1024!2i768!4f13.1!3m3!1m2!1s0x47bf27351d9b903d%3A0x468d45b8364f67a4!2sHermannstra%C3%9Fe%201-3%2C%2051143%20K%C3%B6ln!5e0!3m2!1sde!2sde!4v1602259754564!5m2!1sde!2sde\" \r\n        frameborder=\"0\" \r\n        allowfullscreen=\"\" \r\n        aria-hidden=\"false\" \r\n        tabindex=\"0\">\r\n      <\/iframe>\r\n    <\/div>\r\n    <p class=\"exampp-hints\">\r\n    * Mit dem Laden der Karte akzeptieren Sie die Datenschutzerkl\u00e4rung von Google.      <a \r\n        target=\"_blank\" \r\n        rel=\"noopener noreferrer\"\r\n        href=\"https:\/\/policies.google.com\/privacy?hl=de\">Mehr erfahren<\/a>\r\n    <\/p>\r\n\t<\/b><\/p>\n","protected":false},"excerpt":{"rendered":"<p>Die Praxis liegt verkehrsg\u00fcnstig im Zentrum von K\u00f6ln-Porz, ca. 100 Meter benachbart der zentralen KVB Bus-\/Stra\u00dfenbahnhaltestelle PORZ MARKT. Sie finden die Praxis im Anfangsbereich der Fu\u00dfg\u00e4ngerzone, direkt gegen\u00fcber dem City Center Porz. Dem City Center Porz angeschlossen ist auch ein &hellip; <a href=\"https:\/\/www.frauenaerzte-porz.de\/?page_id=189\">Weiterlesen <span class=\"meta-nav\">&rarr;<\/span><\/a><\/p>\n","protected":false},"author":1,"featured_media":47,"parent":17,"menu_order":2,"comment_status":"closed","ping_status":"closed","template":"sidebar-page.php","meta":[],"_links":{"self":[{"href":"https:\/\/www.frauenaerzte-porz.de\/index.php?rest_route=\/wp\/v2\/pages\/189"}],"collection":[{"href":"https:\/\/www.frauenaerzte-porz.de\/index.php?rest_route=\/wp\/v2\/pages"}],"about":[{"href":"https:\/\/www.frauenaerzte-porz.de\/index.php?rest_route=\/wp\/v2\/types\/page"}],"author":[{"embeddable":true,"href":"https:\/\/www.frauenaerzte-porz.de\/index.php?rest_route=\/wp\/v2\/users\/1"}],"replies":[{"embeddable":true,"href":"https:\/\/www.frauenaerzte-porz.de\/index.php?rest_route=%2Fwp%2Fv2%2Fcomments&post=189"}],"version-history":[{"count":14,"href":"https:\/\/www.frauenaerzte-porz.de\/index.php?rest_route=\/wp\/v2\/pages\/189\/revisions"}],"predecessor-version":[{"id":867,"href":"https:\/\/www.frauenaerzte-porz.de\/index.php?rest_route=\/wp\/v2\/pages\/189\/revisions\/867"}],"up":[{"embeddable":true,"href":"https:\/\/www.frauenaerzte-porz.de\/index.php?rest_route=\/wp\/v2\/pages\/17"}],"wp:featuredmedia":[{"embeddable":true,"href":"https:\/\/www.frauenaerzte-porz.de\/index.php?rest_route=\/wp\/v2\/media\/47"}],"wp:attachment":[{"href":"https:\/\/www.frauenaerzte-porz.de\/index.php?rest_route=%2Fwp%2Fv2%2Fmedia&parent=189"}],"curies":[{"name":"wp","href":"https:\/\/api.w.org\/{rel}","templated":true}]}}