{"id":10,"date":"2014-05-14T09:10:40","date_gmt":"2014-05-14T07:10:40","guid":{"rendered":"http:\/\/www.frauenaerzte-porz.de\/cms\/?page_id=10"},"modified":"2026-04-15T11:27:04","modified_gmt":"2026-04-15T09:27:04","slug":"sprechzeiten","status":"publish","type":"page","link":"https:\/\/www.frauenaerzte-porz.de\/?page_id=10","title":{"rendered":"Sprechzeiten"},"content":{"rendered":"<p><strong>Unsere Praxis ist ge\u00f6ffnet<\/strong><\/p>\n<hr \/>\n<p>Montag u. Dienstag \u00a0 \u00a0 \u00a0 \u00a0 \u00a0 \u00a0 \u00a007.30\u00a0 &#8211; 17.00 Uhr<\/p>\n<p>Mittwoch \u00a0 \u00a0 \u00a0 \u00a0 \u00a0 \u00a0 \u00a0 \u00a0 \u00a0 \u00a0 \u00a0 \u00a0 \u00a0 \u00a0 \u00a0 \u00a007.30\u00a0 &#8211; 13.00 Uhr<\/p>\n<p>Donnerstag \u00a0 \u00a0 \u00a0 \u00a0 \u00a0 \u00a0 \u00a0 \u00a0 \u00a0 \u00a0 \u00a0 \u00a0 \u00a0 \u00a007.30 &#8211; 13.00 Uhr<\/p>\n<p>Freitag\u00a0\u00a0\u00a0\u00a0\u00a0\u00a0\u00a0\u00a0\u00a0\u00a0\u00a0\u00a0\u00a0\u00a0\u00a0\u00a0\u00a0\u00a0\u00a0\u00a0\u00a0\u00a0\u00a0\u00a0\u00a0\u00a0\u00a0\u00a0\u00a0\u00a0\u00a0\u00a0\u00a0\u00a0\u00a0 07.30\u00a0 &#8211; 13.00 Uhr<\/p>\n<p>und nach Vereinbarung<\/p>\n<hr \/>\n<p><strong>Bitte beachten: <\/strong>Die Sprechzeiten von Dr. Merscheim und Kirstin Venegas entsprechen <span style=\"text-decoration: underline;\">nicht<\/span> den Praxis\u00f6ffungszeiten!<\/p>\n<blockquote><p>Wir bem\u00fchen uns Wartezeiten zu vermeiden! \u2013 sind hierbei aber auch auf Ihre Kooperation angewiesen.<\/p><\/blockquote>\n<p>Aus diesem Grund arbeiten wir nach einem effizienten Bestellsystem, d.h. wir bitten Sie, vorab einen Termin zu vereinbaren.<\/p>\n<blockquote><p>Sollten Sie einen vereinbarten Termin nicht einhalten k\u00f6nnen, sagen Sie diesen bitte unbedingt rechtzeitig, mindestens aber 24 Std. vor dem vereinbarten Termin ab oder verschieben ihn!<\/p><\/blockquote>\n<p>Dieser Termin wurde nur f\u00fcr Sie reserviert und nur so k\u00f6nnen wir kurzfristig und flexibel reagieren und anderen Patientinnen, die einen dringenden Termin ben\u00f6tigen, den freigewordenen Platz anbieten \u2013 auch Sie k\u00f6nnten davon vielleicht einmal profitieren.<\/p>\n<p>Durch unvorhersehbare Umst\u00e4nde k\u00f6nnen Wartezeiten leider nicht immer vermieden werden; Patientinnen mit akuten Schmerzen, die Abkl\u00e4rung und Er\u00f6rterung schwerwiegender Befunde oder Gespr\u00e4che in krisenhaften Lebenssituationen lassen sich leider nicht planen. Wir bitten dabei um Ihr Verst\u00e4ndnis.<\/p>\n<p><span style=\"color: #800080; text-decoration: underline;\"><strong><span style=\"text-decoration: underline;\">NOTF\u00c4LLE<\/span><\/strong><\/span><\/p>\n<p>In medizinisch dringenden F\u00e4llen k\u00f6nnen Sie uns selbstverst\u00e4ndlich auch ohne Termin aufsuchen, Wartezeiten lassen sich dann allerdings nicht immer vermeiden.<\/p>\n<p><strong>Auch bei einem Notfall bitten wir um telefonische Absprache<\/strong><strong>, <\/strong>nur so k\u00f6nnen wir unn\u00f6tige Wartezeiten und einen \u00fcbervollen Wartebereich f\u00fcr Sie vermeiden und Ihnen evtl. auch einen kurzfristig freigewordenen Termin noch am gleichen Tag anbieten.<\/p>\n","protected":false},"excerpt":{"rendered":"<p>Unsere Praxis ist ge\u00f6ffnet Montag u. Dienstag \u00a0 \u00a0 \u00a0 \u00a0 \u00a0 \u00a0 \u00a007.30\u00a0 &#8211; 17.00 Uhr Mittwoch \u00a0 \u00a0 \u00a0 \u00a0 \u00a0 \u00a0 \u00a0 \u00a0 \u00a0 \u00a0 \u00a0 \u00a0 \u00a0 \u00a0 \u00a0 \u00a007.30\u00a0 &#8211; 13.00 Uhr Donnerstag \u00a0 \u00a0 &hellip; <a href=\"https:\/\/www.frauenaerzte-porz.de\/?page_id=10\">Weiterlesen <span class=\"meta-nav\">&rarr;<\/span><\/a><\/p>\n","protected":false},"author":1,"featured_media":40,"parent":0,"menu_order":4,"comment_status":"closed","ping_status":"closed","template":"sidebar-page.php","meta":[],"_links":{"self":[{"href":"https:\/\/www.frauenaerzte-porz.de\/index.php?rest_route=\/wp\/v2\/pages\/10"}],"collection":[{"href":"https:\/\/www.frauenaerzte-porz.de\/index.php?rest_route=\/wp\/v2\/pages"}],"about":[{"href":"https:\/\/www.frauenaerzte-porz.de\/index.php?rest_route=\/wp\/v2\/types\/page"}],"author":[{"embeddable":true,"href":"https:\/\/www.frauenaerzte-porz.de\/index.php?rest_route=\/wp\/v2\/users\/1"}],"replies":[{"embeddable":true,"href":"https:\/\/www.frauenaerzte-porz.de\/index.php?rest_route=%2Fwp%2Fv2%2Fcomments&post=10"}],"version-history":[{"count":14,"href":"https:\/\/www.frauenaerzte-porz.de\/index.php?rest_route=\/wp\/v2\/pages\/10\/revisions"}],"predecessor-version":[{"id":939,"href":"https:\/\/www.frauenaerzte-porz.de\/index.php?rest_route=\/wp\/v2\/pages\/10\/revisions\/939"}],"wp:featuredmedia":[{"embeddable":true,"href":"https:\/\/www.frauenaerzte-porz.de\/index.php?rest_route=\/wp\/v2\/media\/40"}],"wp:attachment":[{"href":"https:\/\/www.frauenaerzte-porz.de\/index.php?rest_route=%2Fwp%2Fv2%2Fmedia&parent=10"}],"curies":[{"name":"wp","href":"https:\/\/api.w.org\/{rel}","templated":true}]}}